{"id":2867,"date":"2018-10-08T06:45:13","date_gmt":"2018-10-08T06:45:13","guid":{"rendered":"https:\/\/manufacturer.stylemixthemes.com\/parts\/?page_id=1316"},"modified":"2026-04-15T17:56:30","modified_gmt":"2026-04-15T17:56:30","slug":"montaj-hizmeti","status":"publish","type":"page","link":"https:\/\/tulga.com\/en\/montaj-hizmeti\/","title":{"rendered":"Montaj Hizmeti"},"content":{"rendered":"<div data-elementor-type=\"wp-post\" data-elementor-id=\"2867\" class=\"elementor elementor-2867\">\n\t\t\t\t<div class=\"elementor-element elementor-element-ea8a7b4 e-flex e-con-boxed e-con e-parent\" data-id=\"ea8a7b4\" data-element_type=\"container\" data-e-type=\"container\">\n\t\t\t\t\t<div class=\"e-con-inner\">\n\t\t\t\t<div class=\"elementor-element elementor-element-139def3 elementor-widget elementor-widget-image\" data-id=\"139def3\" data-element_type=\"widget\" data-e-type=\"widget\" data-widget_type=\"image.default\">\n\t\t\t\t<div class=\"elementor-widget-container\">\n\t\t\t\t\t\t\t\t\t\t\t\t\t\t\t<img fetchpriority=\"high\" decoding=\"async\" width=\"660\" height=\"440\" src=\"https:\/\/tulga.com\/wp-content\/uploads\/2026\/04\/soindan-660x440.jpg\" class=\"attachment-woocommerce_single size-woocommerce_single wp-image-4783\" alt=\"\" srcset=\"https:\/\/tulga.com\/wp-content\/uploads\/2026\/04\/soindan-660x440.jpg 660w, https:\/\/tulga.com\/wp-content\/uploads\/2026\/04\/soindan-300x200.jpg 300w, https:\/\/tulga.com\/wp-content\/uploads\/2026\/04\/soindan-768x512.jpg 768w, https:\/\/tulga.com\/wp-content\/uploads\/2026\/04\/soindan-18x12.jpg 18w, https:\/\/tulga.com\/wp-content\/uploads\/2026\/04\/soindan-285x190.jpg 285w, https:\/\/tulga.com\/wp-content\/uploads\/2026\/04\/soindan-150x100.jpg 150w, https:\/\/tulga.com\/wp-content\/uploads\/2026\/04\/soindan.jpg 900w\" sizes=\"(max-width: 660px) 100vw, 660px\" \/>\t\t\t\t\t\t\t\t\t\t\t\t\t\t\t<\/div>\n\t\t\t\t<\/div>\n\t\t\t\t\t<\/div>\n\t\t\t\t<\/div>\n\t\t<div class=\"elementor-element elementor-element-0bb685c e-flex e-con-boxed e-con e-parent\" data-id=\"0bb685c\" data-element_type=\"container\" data-e-type=\"container\">\n\t\t\t\t\t<div class=\"e-con-inner\">\n\t\t\t\t<div class=\"elementor-element elementor-element-041e4ef elementor-widget elementor-widget-heading\" data-id=\"041e4ef\" data-element_type=\"widget\" data-e-type=\"widget\" data-widget_type=\"heading.default\">\n\t\t\t\t<div class=\"elementor-widget-container\">\n\t\t\t\t\t<h3 class=\"elementor-heading-title elementor-size-default elementor-heading-title elementor-align-after-center\"><p>Detayl\u0131 Bilgi ve Randevu i\u00e7in Whatsapp'tan Bize Ula\u015f\u0131n!<\/p><\/h3>\t\t\t\t<\/div>\n\t\t\t\t<\/div>\n\t\t\t\t<div class=\"elementor-element elementor-element-c8ecf96 elementor-shape-rounded elementor-grid-0 e-grid-align-center elementor-widget elementor-widget-social-icons\" data-id=\"c8ecf96\" data-element_type=\"widget\" data-e-type=\"widget\" data-widget_type=\"social-icons.default\">\n\t\t\t\t<div class=\"elementor-widget-container\">\n\t\t\t\t\t\t\t<div class=\"elementor-social-icons-wrapper elementor-grid\">\n\t\t\t\t\t\t\t<span class=\"elementor-grid-item\">\n\t\t\t\t\t<a class=\"elementor-icon elementor-social-icon elementor-social-icon-whatsapp elementor-repeater-item-d37d21c\" href=\"https:\/\/api.whatsapp.com\/send\/?phone=905324334629&#038;text=Tulga+Be%C5%9Finci+Teker+%C3%BCr%C3%BCnleri+hakk%C4%B1nda+bilgi+almak+istiyorum.&#038;type=phone_number&#038;app_absent=0\" target=\"_blank\" rel=\"noopener\">\n\t\t\t\t\t\t<span class=\"elementor-screen-only\">Whatsapp<\/span>\n\t\t\t\t\t\t<i aria-hidden=\"true\" class=\"fab fa-whatsapp\"><\/i>\t\t\t\t\t<\/a>\n\t\t\t\t<\/span>\n\t\t\t\t\t<\/div>\n\t\t\t\t\t\t<\/div>\n\t\t\t\t<\/div>\n\t\t\t\t\t<\/div>\n\t\t\t\t<\/div>\n\t\t\t\t<\/div>","protected":false},"excerpt":{"rendered":"<p>Detayl\u0131 Bilgi ve Randevu i\u00e7in Whatsapp&#8217;tan Bize Ula\u015f\u0131n! Whatsapp<\/p>","protected":false},"author":1,"featured_media":0,"parent":0,"menu_order":0,"comment_status":"closed","ping_status":"closed","template":"elementor_header_footer","meta":{"content-type":"","footnotes":""},"class_list":["post-2867","page","type-page","status-publish","hentry"],"_links":{"self":[{"href":"https:\/\/tulga.com\/en\/wp-json\/wp\/v2\/pages\/2867","targetHints":{"allow":["GET"]}}],"collection":[{"href":"https:\/\/tulga.com\/en\/wp-json\/wp\/v2\/pages"}],"about":[{"href":"https:\/\/tulga.com\/en\/wp-json\/wp\/v2\/types\/page"}],"author":[{"embeddable":true,"href":"https:\/\/tulga.com\/en\/wp-json\/wp\/v2\/users\/1"}],"replies":[{"embeddable":true,"href":"https:\/\/tulga.com\/en\/wp-json\/wp\/v2\/comments?post=2867"}],"version-history":[{"count":13,"href":"https:\/\/tulga.com\/en\/wp-json\/wp\/v2\/pages\/2867\/revisions"}],"predecessor-version":[{"id":4786,"href":"https:\/\/tulga.com\/en\/wp-json\/wp\/v2\/pages\/2867\/revisions\/4786"}],"wp:attachment":[{"href":"https:\/\/tulga.com\/en\/wp-json\/wp\/v2\/media?parent=2867"}],"curies":[{"name":"wp","href":"https:\/\/api.w.org\/{rel}","templated":true}]}}