{"id":3383,"date":"2023-10-31T22:02:00","date_gmt":"2023-10-31T22:02:00","guid":{"rendered":"https:\/\/tulga.com\/?page_id=3383"},"modified":"2023-12-10T19:33:13","modified_gmt":"2023-12-10T19:33:13","slug":"kingpin-nasil-kurulur","status":"publish","type":"page","link":"https:\/\/tulga.com\/en\/kingpin-nasil-kurulur\/","title":{"rendered":"How to Install Kingpin?"},"content":{"rendered":"<div data-elementor-type=\"wp-page\" data-elementor-id=\"3383\" class=\"elementor elementor-3383\">\n\t\t\t\t<div class=\"elementor-element elementor-element-894f79b e-flex e-con-boxed e-con e-parent\" data-id=\"894f79b\" data-element_type=\"container\" data-e-type=\"container\">\n\t\t\t\t\t<div class=\"e-con-inner\">\n\t\t\t\t<div class=\"elementor-element elementor-element-ec71403 elementor-widget elementor-widget-image\" data-id=\"ec71403\" data-element_type=\"widget\" data-e-type=\"widget\" data-widget_type=\"image.default\">\n\t\t\t\t<div class=\"elementor-widget-container\">\n\t\t\t\t\t\t\t\t\t\t\t\t\t\t\t<img fetchpriority=\"high\" decoding=\"async\" width=\"500\" height=\"500\" src=\"https:\/\/tulga.com\/wp-content\/uploads\/2023\/10\/kingpins-blog.jpg\" class=\"attachment-large size-large wp-image-3635\" alt=\"\" srcset=\"https:\/\/tulga.com\/wp-content\/uploads\/2023\/10\/kingpins-blog.jpg 500w, https:\/\/tulga.com\/wp-content\/uploads\/2023\/10\/kingpins-blog-300x300.jpg 300w, https:\/\/tulga.com\/wp-content\/uploads\/2023\/10\/kingpins-blog-150x150.jpg 150w, https:\/\/tulga.com\/wp-content\/uploads\/2023\/10\/kingpins-blog-285x285.jpg 285w, https:\/\/tulga.com\/wp-content\/uploads\/2023\/10\/kingpins-blog-270x270.jpg 270w\" sizes=\"(max-width: 500px) 100vw, 500px\" \/>\t\t\t\t\t\t\t\t\t\t\t\t\t\t\t<\/div>\n\t\t\t\t<\/div>\n\t\t\t\t\t<\/div>\n\t\t\t\t<\/div>\n\t\t<div class=\"elementor-element elementor-element-13f04d08 e-flex e-con-boxed e-con e-parent\" data-id=\"13f04d08\" data-element_type=\"container\" data-e-type=\"container\">\n\t\t\t\t\t<div class=\"e-con-inner\">\n\t\t\t\t<div class=\"elementor-element elementor-element-347f8fd0 elementor-widget elementor-widget-text-editor\" data-id=\"347f8fd0\" data-element_type=\"widget\" data-e-type=\"widget\" data-widget_type=\"text-editor.default\">\n\t\t\t\t<div class=\"elementor-widget-container\">\n\t\t\t\t\t\t\t\t\t\n<p>RV\u2019nizi veya SUV\u2019nizi be\u015finci tekerle\u011fe g\u00f6re de\u011fi\u015ftirmek, birka\u00e7 cihaz sat\u0131n almaktan daha fazlas\u0131n\u0131 ifade eder. Asl\u0131nda bu s\u00fcre\u00e7 en kaliteli modellerin, ekipmanlar\u0131n, ara\u00e7lar\u0131n se\u00e7ilmesini ve detaylar\u0131n bilinmesini gerektirir. 5. teker montaj\u0131ndan bak\u0131m ve onar\u0131m konusunda uzmanla\u015fmaya kadar her a\u015famada yer almak istiyorsan\u0131z, be\u015finci tekerin birimlerine a\u015fina olmal\u0131s\u0131n\u0131z. O halde, \u00f6nce s\u0131k kar\u015f\u0131la\u015faca\u011f\u0131n\u0131z temel par\u00e7alar\u0131 s\u0131ralayal\u0131m: be\u015finci tekerlek ba\u011flant\u0131s\u0131, be\u015finci tekerlek plakas\u0131, r\u00f6mork ba\u011flant\u0131s\u0131 ve mafsal.<\/p>\n\n\n\n<p>Bu son par\u00e7a en k\u00fc\u00e7\u00fck gibi g\u00f6r\u00fcnebilir, ancak operasyonlar s\u0131ras\u0131nda i\u015flevi ve \u00f6nemi \u00e7ok \u00f6nemlidir. Bunun nedeni, 5. tekerin as\u0131l amac\u0131n\u0131n \u015fehir i\u00e7i kullan\u0131mda standart bir arac\u0131n \u00e7ekemeyece\u011fi a\u011f\u0131r y\u00fckleri \u00e7ekmek olmas\u0131d\u0131r. Ve bu nedenle, ba\u011flant\u0131 noktas\u0131n\u0131n istikrar\u0131, g\u00fcc\u00fc ve b\u00fct\u00fcnl\u00fc\u011f\u00fc hakk\u0131nda \u00e7ok \u015fey var. \u0130\u015fte bu temel amaca hizmet eden kilit piminin yani cihaz\u0131n \u00f6nemi ortaya \u00e7\u0131k\u0131yor. Kingpin kurulum temellerini \u00f6\u011frenmeden \u00f6nce, bu cihaz\u0131n \u00f6zellikleri ve i\u015flevi hakk\u0131nda daha fazla bilgi alal\u0131m.<\/p>\n\n\n\n<h2 class=\"wp-block-heading\">Kingpin&#8217;iniz Hakk\u0131nda Bilgi Edinin!<\/h2>\n\n\n\n<p>Asl\u0131nda, kilit piminin ad\u0131 ba\u015flang\u0131\u00e7ta be\u015finci tekerlek i\u00e7in \u00f6nemini duyurur. Bir otomobilin veya ba\u015fka bir arac\u0131n direksiyon sisteminde birincil pivot olan mafsal pimi, direksiyon simidinin d\u00f6nmesine izin verir. Ek olarak, bir yar\u0131 kamyon taraf\u0131ndan bir r\u00f6morka veya ba\u015fka bir y\u00fcke ba\u011flanmak i\u00e7in kullan\u0131lan be\u015finci teker i\u00e7in ba\u011flant\u0131 aparat\u0131n\u0131n bir bile\u015fenine at\u0131fta bulunur.<\/p>\n\n\n\n<p>Kingpin, trakt\u00f6r ve dorse aras\u0131ndaki ba\u011flant\u0131y\u0131 kurar. Bu anlamda, be\u015finci tekerlek ba\u011flant\u0131s\u0131n\u0131n \u00f6nemli bir bile\u015fenidir. Kingpin ayar\u0131, be\u015finci tekerlek ba\u011flant\u0131s\u0131n\u0131n merkezi ile arka aks grubunun merkezi aras\u0131ndaki mesafeyi ifade eder. Bu mesafe, arac\u0131n d\u00f6n\u00fc\u015f yar\u0131\u00e7ap\u0131n\u0131n belirlenmesinde rol oynar.<\/p>\n\n\n\n<p>Bu \u00f6l\u00e7\u00fcm, kingpin ayar\u0131n\u0131n uzunlu\u011fu ile orant\u0131l\u0131 olarak artar. Bu nedenle pinyon ayar\u0131 ve cihaz\u0131n sa\u011flaml\u0131\u011f\u0131 g\u00f6rev performans\u0131n\u0131z\u0131 belirler ve arac\u0131n\u0131zla \u00e7ekebilece\u011finiz limiti belirler.<\/p>\n\n\n\n<p>Kurulum S\u00fcreci<br>Kingpin kurulumu ger\u00e7ekten basit bir i\u015flem gibi g\u00f6r\u00fcn\u00fcyor, ancak bunun i\u00e7in \u00e7ok \u015fey oldu\u011funu unutmay\u0131n. Bir\u00e7o\u011funuz eski bir aks sat\u0131n ald\u0131\u011f\u0131n\u0131zda birka\u00e7 sorunla kar\u015f\u0131la\u015fabilir ve elinizden geldi\u011fince dener, ancak ana pimleri \u00e7\u0131karamazs\u0131n\u0131z. \u0130lk olarak, h\u0131zl\u0131 akslar, \u00e7ekici akslar ve treyler akslar\u0131n\u0131n hepsinde mafsal pimini ortada tutan tek bir set vida bulunur. Kingpin\u2019i d\u00fc\u015f\u00fcrd\u00fc\u011f\u00fcn\u00fczde, tam ortadaki noktaya \u00e7arp\u0131yor. Aks \u00fczerindeki iki ayar vidas\u0131, mafsal pimine g\u00f6bek i\u00e7inde daha fazla denge sa\u011flar.<\/p>\n\n\n\n<p>Kingpins kolayca paslanabilir. Bu y\u00fczden kurulumdan \u00f6nce yeterince p\u00fcr\u00fczs\u00fcz olduklar\u0131ndan emin olun. Ayr\u0131ca, mafsal piminin girintili bir alan\u0131 olmal\u0131d\u0131r, b\u00f6ylece ayar vidas\u0131n\u0131 mafsal pimine itti\u011finizde, mafsal pimini tam a\u015fa\u011f\u0131 s\u0131kt\u0131\u011f\u0131n\u0131zda dengesizlik yaratan herhangi bir mantar olu\u015fumu cihaz\u0131n \u00e7ap\u0131n\u0131 a\u015fmaz. Kingpin\u2019inizi kuruluma uygun hale getirdikten sonra, izlemeniz gereken birka\u00e7 ad\u0131m vard\u0131r.<\/p>\n\n\n\n<h2 class=\"wp-block-heading\">10 Ad\u0131mda Kingpins<\/h2>\n\n\n\n<p>Yatay hareketi kontrol etmek i\u00e7in, aks\u0131n \u00fcst\u00fcne m\u0131knat\u0131sl\u0131 bir komparat\u00f6r tak\u0131n. Kadranl\u0131 g\u00f6sterge i\u015f mili g\u00f6z\u00fcne dayanmal\u0131d\u0131r. Jant ucunu ve lasti\u011fi bir arada tutarak, lasti\u011fin alt\u0131na bir levye koyun ve komparat\u00f6r ibresinin ne kadar hareket etti\u011fini \u00f6l\u00e7erken yukar\u0131 a\u015fa\u011f\u0131 hareket ettirin. Kingpin 0,010\u2033 de\u011ferinden fazla hareket ederse, de\u011fi\u015ftirilmesi gerekir.<br>Tekerle\u011fi s\u0131ras\u0131yla fren tertibat\u0131, direksiyon kollar\u0131n\u0131n arkas\u0131ndaki plaka ve travers ile birlikte \u00e7\u0131kar\u0131n. Ard\u0131ndan, mafsal piminin \u00fcst ve alt plakalar\u0131n\u0131 \u00e7\u0131kar\u0131n. Kilitleri ve mafsal pimini \u00e7\u0131kar\u0131n. (Is\u0131 kullanmay\u0131n; bunun yerine sertle\u015ftirilmi\u015f bir z\u0131mba kullan\u0131n) Is\u0131tmadan bir \u015fi\u015fe krikosu veya hidrolik pres kullan\u0131n. \u015eimleri daha sonra kullanmak \u00fczere saklay\u0131n. Mili \u00e7\u0131kar\u0131n ve ayn\u0131 \u015feyi kamyonun di\u011fer taraf\u0131nda yap\u0131n. Kontrol edilebilmeleri i\u00e7in aks halkalar\u0131n\u0131 ve milleri temizleyin.<br>Bir pirin\u00e7 \u00e7eki\u00e7 veya bir \u00f6l\u00fc darbeli \u00e7eki\u00e7 ve bir \u201cST\u201d Serisi STEMCO Kaiser bur\u00e7 s\u00fcr\u00fcc\u00fcs\u00fc ile bur\u00e7lar\u0131 mil g\u00f6zlerinden \u00e7\u0131kar\u0131n. M\u00fch\u00fcr s\u00f6z konusu oldu\u011funda, bur\u00e7 onu d\u0131\u015far\u0131 itecektir. Z\u0131mba veya keski kullanmay\u0131n, \u00e7\u00fcnk\u00fc bu, i\u015f mili g\u00f6zlerine d\u00fczeltilemeyecek kadar zarar verebilir.<br>Aks g\u00f6z\u00fcn\u00fcn yuvarlak olup olmad\u0131\u011f\u0131n\u0131 kontrol edin ve ard\u0131ndan mil g\u00f6zlerinin yuvarlak olup olmad\u0131\u011f\u0131n\u0131 kontrol edin. Enfiyeye uygun olup olmad\u0131klar\u0131n\u0131 g\u00f6rmek i\u00e7in bir mikrometre ve bir T-\u00f6l\u00e7er kullan\u0131n.<\/p>\n\n\n\n<p>Aks g\u00f6z\u00fcn\u00fc p\u00fcr\u00fczs\u00fcz olana kadar hafif\u00e7e d\u00fczeltmek i\u00e7in fren bileyli bir el matkab\u0131 kullan\u0131n. \u00c7ok fazla bilemeyin; sadece bu y\u00fczeyi temizleyin.<br>Contay\u0131, e\u011fimli kenar d\u0131\u015far\u0131 bakacak \u015fekilde s\u00fcr\u00fcc\u00fcn\u00fcn ucuna yerle\u015ftirin. Tahrik mili g\u00f6z\u00fcn\u00fcn alt k\u0131sm\u0131 ile ayn\u0131 hizada olana kadar contay\u0131 mil g\u00f6z\u00fcne vurmak i\u00e7in pirin\u00e7 bir \u00e7eki\u00e7 veya \u00f6l\u00fc darbeli bir \u00e7eki\u00e7 kullan\u0131n. Lasty, s\u00fcr\u00fcc\u00fcy\u00fc \u00e7\u0131kar.<br>Spiral \u00e7elik burcu elinizde belirli bir a\u00e7\u0131yla tutun ve saat y\u00f6n\u00fcnde \u00e7evirerek mil g\u00f6z\u00fcne do\u011fru b\u00fck\u00fcn. M\u00fcmk\u00fcn oldu\u011fu kadar elinizle tak\u0131n, ard\u0131ndan d\u00f6nd\u00fcrmek i\u00e7in T sapl\u0131 bir alet kullan\u0131n. Pirin\u00e7 bir \u00e7eki\u00e7 kullanarak, burcun geri kalan\u0131n\u0131 yerine oturana kadar mile vurun.<br>Kingpin \u00fcst deli\u011fine takmay\u0131 deneyin. Alt delik i\u00e7in ad\u0131mlar\u0131 tekrarlay\u0131n. Milin hizalan\u0131p hizalanmad\u0131\u011f\u0131n\u0131 kontrol etmek i\u00e7in her iki delikten bir pim kayd\u0131r\u0131n. Kingpin kar\u015f\u0131 mil g\u00f6z miline s\u0131\u011fmazsa, g\u00f6z mili de\u011fi\u015ftirilmelidir. Eski mafsallardan ka\u00e7 tane pul \u00e7\u0131kard\u0131\u011f\u0131n\u0131z\u0131 say\u0131n. Bunlar, ne kadar\u0131n\u0131 geri koyaca\u011f\u0131n\u0131z\u0131 anlaman\u0131za yard\u0131mc\u0131 olacakt\u0131r. \u00d6nceki \u015fim y\u0131\u011f\u0131n\u0131n\u0131n ne kadar kal\u0131n oldu\u011funu \u00f6\u011frenin ve ald\u0131\u011f\u0131n\u0131zdan 0,005\u2033 geri ekleyerek ba\u015flay\u0131n. Yerle\u015ftirmeden \u00f6nce yataklar\u0131 gresleyin.<\/p>\n\n\n\n<p>Mafsal piminin \u00fcst\u00fcndeki \u201c\u00dcST\u201d kelimesi, i\u015f milinin ucuna bakacak \u015fekilde, mafsal pimini \u00fcst mil g\u00f6z\u00fcne yerle\u015ftirin ve pimin 12 in\u00e7\u2019i alttan \u00e7\u0131kana kadar kayd\u0131r\u0131n. Montaj\u0131 kolayla\u015ft\u0131rmak ve parmaklar\u0131n\u0131z\u0131 korumak i\u00e7in paketin \u00fczerindeki son \u015fimde bir kat yap\u0131n ve \u015fimlerin \u00fczerine \u015fimler koyun. Mili kald\u0131r\u0131n ve aks\u0131n \u00fczerine koyun. Ard\u0131ndan, mafsal pimini deli\u011fe sokun ve d\u00fc\u015fmesine izin verin. Alt k\u0131sm\u0131 dingilin alt k\u0131sm\u0131 ile ayn\u0131 hizaya gelene kadar mafsal pimini a\u015fa\u011f\u0131 do\u011fru itin. Yata\u011f\u0131n a\u00e7\u0131k taraf\u0131n\u0131 avucunuzun i\u00e7ine koyun. Yata\u011f\u0131 avucunuzun i\u00e7ine monte edemiyorsan\u0131z, d\u00fczene\u011fi ay\u0131r\u0131n ve \u015fimlerden 0.005\u2033 \u00e7\u0131kar\u0131n. . Kilit(ler)i tak\u0131n. Be\u015finci Teker Plakalar\u0131 i\u00e7in TULGA Adapt\u00f6r A\u011f\u0131r Hizmet Yar\u0131 Turck R\u00f6mork Kingpin D\u00f6n\u00fc\u015ft\u00fcr\u00fcc\u00fc kullan\u0131n. G\u00fc\u00e7lendirilmi\u015f \u00e7elik malzemeden yap\u0131lm\u0131\u015f bu cihaz ek bir stabilite sa\u011flar. Kilit piminin d\u00fcz taraf\u0131n\u0131n ana pime bakt\u0131\u011f\u0131ndan emin olun. Somunlar\u0131 ve rondelalar\u0131 tak\u0131n ve genellikle 30-45 ft.lb olan tork spesifikasyonuna s\u0131k\u0131n. \u00dcst ve alt plakalar\u0131 yerine yerle\u015ftirin ve s\u0131k\u0131n.<\/p>\n\n\n\n<p>Gres tabancas\u0131n\u0131 zerk ba\u011flant\u0131s\u0131n\u0131n \u00fczerine koyun. Mil ve aks aras\u0131nda gres \u00e7\u0131kana kadar rakorun i\u00e7ine gres pompalarken mili bir yandan di\u011fer yana hareket ettirin. Mil d\u00fczg\u00fcn hareket etmiyorsa ya \u00e7ok fazla \u015fim vard\u0131r ya da yatak k\u0131r\u0131lm\u0131\u015ft\u0131r. Gres tabancas\u0131n\u0131 alt zerk ba\u011flant\u0131s\u0131na tak\u0131n. Gres, yata\u011f\u0131n \u00fcst\u00fcnden \u00e7\u0131kana kadar ba\u011flant\u0131ya gres pompalarken mili bir yandan di\u011fer yana hareket ettirin.<br>Direksiyon kollar\u0131n\u0131 ve \u00e7apraz \u00e7ubu\u011fu tekrar yerine koyun. Ard\u0131ndan tekerlek, fren tertibat\u0131 ve destek plakas\u0131 i\u00e7in de ayn\u0131s\u0131n\u0131 yap\u0131n. Kadranl\u0131 g\u00f6sterge milin g\u00f6z\u00fcne dayanacak \u015fekilde aks\u0131n \u00fcst\u00fcne m\u0131knat\u0131sl\u0131 bir komparat\u00f6r tak\u0131n. Jant ucunu ve lasti\u011fi bir arada tutarak, lasti\u011fin alt\u0131na bir levye koyun ve komparat\u00f6r ibresinin ne kadar hareket etti\u011fini \u00f6l\u00e7erken yukar\u0131 a\u015fa\u011f\u0131 hareket ettirin. (Fazla hareket olmamal\u0131.)<\/p>\n\n\n\n<h2 class=\"wp-block-heading\">Y\u00fcksek Kaliteyi Se\u00e7!<\/h2>\n\n\n\n\n\n\n\n\n\n\n\n\n\n\n\n\n\n\n\n\n\n<p>Be\u015finci tekerlek i\u00e7in kilit piminin \u00f6nemi g\u00f6z \u00f6n\u00fcne al\u0131nd\u0131\u011f\u0131nda, en y\u00fcksek kalitede olmas\u0131n\u0131 bekleyeceksiniz. En \u00f6nemli \u00f6zelli\u011fi sa\u011flam olmas\u0131d\u0131r. TULGA, size en zorlu g\u00f6revler i\u00e7in TKKP 2\u201d A\u011f\u0131r Hizmet Tipi Yar\u0131 R\u00f6mork Kingpin\u2019i \u00f6m\u00fcr boyu garanti ile sunuyor. Bu \u00fcr\u00fcn, d\u00fcnyadaki hemen hemen t\u00fcm kamyonlar i\u00e7in uygundur, bu da onu kamyoncular ve karavan s\u00fcr\u00fcc\u00fcleri aras\u0131nda pop\u00fcler hale getirir. Yayg\u0131n olarak tercih edilen bir di\u011fer \u00fcr\u00fcn ise size en sa\u011flam ve dayan\u0131kl\u0131 ata\u015fman\u0131 sa\u011flayan Fifth Wheel Kingpin TFKP 2\u201d &amp; 3.5\u201d Heavy Duty Trailer Kingpin\u2019dir.<\/p>\n\n\n\n<p>TULGA \u00fcr\u00fcnleri ve be\u015finci teker montaj\u0131 hakk\u0131nda daha fazla bilgi edinmek istiyorsan\u0131z, blogumuz maceran\u0131z\u0131n bir sonraki ad\u0131m\u0131d\u0131r! Her zaman g\u00fcvenlik ve en iyi kalitenin hizmetinde.<\/p>\n\t\t\t\t\t\t\t\t<\/div>\n\t\t\t\t<\/div>\n\t\t\t\t\t<\/div>\n\t\t\t\t<\/div>\n\t\t\t\t<\/div>","protected":false},"excerpt":{"rendered":"<p>RV\u2019nizi veya SUV\u2019nizi be\u015finci tekerle\u011fe g\u00f6re de\u011fi\u015ftirmek, birka\u00e7 cihaz sat\u0131n almaktan daha fazlas\u0131n\u0131 ifade eder. Asl\u0131nda bu s\u00fcre\u00e7&#8230;<\/p>","protected":false},"author":1,"featured_media":0,"parent":0,"menu_order":0,"comment_status":"closed","ping_status":"closed","template":"","meta":{"content-type":"","footnotes":""},"class_list":["post-3383","page","type-page","status-publish","hentry"],"_links":{"self":[{"href":"https:\/\/tulga.com\/en\/wp-json\/wp\/v2\/pages\/3383","targetHints":{"allow":["GET"]}}],"collection":[{"href":"https:\/\/tulga.com\/en\/wp-json\/wp\/v2\/pages"}],"about":[{"href":"https:\/\/tulga.com\/en\/wp-json\/wp\/v2\/types\/page"}],"author":[{"embeddable":true,"href":"https:\/\/tulga.com\/en\/wp-json\/wp\/v2\/users\/1"}],"replies":[{"embeddable":true,"href":"https:\/\/tulga.com\/en\/wp-json\/wp\/v2\/comments?post=3383"}],"version-history":[{"count":13,"href":"https:\/\/tulga.com\/en\/wp-json\/wp\/v2\/pages\/3383\/revisions"}],"predecessor-version":[{"id":3974,"href":"https:\/\/tulga.com\/en\/wp-json\/wp\/v2\/pages\/3383\/revisions\/3974"}],"wp:attachment":[{"href":"https:\/\/tulga.com\/en\/wp-json\/wp\/v2\/media?parent=3383"}],"curies":[{"name":"wp","href":"https:\/\/api.w.org\/{rel}","templated":true}]}}