{"id":3386,"date":"2023-10-31T22:04:14","date_gmt":"2023-10-31T22:04:14","guid":{"rendered":"https:\/\/tulga.com\/?page_id=3386"},"modified":"2024-02-04T22:05:29","modified_gmt":"2024-02-04T22:05:29","slug":"besinci-teker-baglantisi-nasil-yapilir","status":"publish","type":"page","link":"https:\/\/tulga.com\/en\/besinci-teker-baglantisi-nasil-yapilir\/","title":{"rendered":"How to Connect a Fifth Wheel?"},"content":{"rendered":"<div data-elementor-type=\"wp-page\" data-elementor-id=\"3386\" class=\"elementor elementor-3386\">\n\t\t\t\t<div class=\"elementor-element elementor-element-708f661 e-flex e-con-boxed e-con e-parent\" data-id=\"708f661\" data-element_type=\"container\" data-e-type=\"container\">\n\t\t\t\t\t<div class=\"e-con-inner\">\n\t\t\t\t<div class=\"elementor-element elementor-element-0b6be05 elementor-widget elementor-widget-image\" data-id=\"0b6be05\" data-element_type=\"widget\" data-e-type=\"widget\" data-widget_type=\"image.default\">\n\t\t\t\t<div class=\"elementor-widget-container\">\n\t\t\t\t\t\t\t\t\t\t\t\t\t\t\t<img fetchpriority=\"high\" decoding=\"async\" width=\"500\" height=\"500\" src=\"https:\/\/tulga.com\/wp-content\/uploads\/2023\/11\/besinci-teker-blog.jpg\" class=\"attachment-large size-large wp-image-3553\" alt=\"\" srcset=\"https:\/\/tulga.com\/wp-content\/uploads\/2023\/11\/besinci-teker-blog.jpg 500w, https:\/\/tulga.com\/wp-content\/uploads\/2023\/11\/besinci-teker-blog-300x300.jpg 300w, https:\/\/tulga.com\/wp-content\/uploads\/2023\/11\/besinci-teker-blog-150x150.jpg 150w, https:\/\/tulga.com\/wp-content\/uploads\/2023\/11\/besinci-teker-blog-285x285.jpg 285w, https:\/\/tulga.com\/wp-content\/uploads\/2023\/11\/besinci-teker-blog-270x270.jpg 270w\" sizes=\"(max-width: 500px) 100vw, 500px\" \/>\t\t\t\t\t\t\t\t\t\t\t\t\t\t\t<\/div>\n\t\t\t\t<\/div>\n\t\t\t\t\t<\/div>\n\t\t\t\t<\/div>\n\t\t<div class=\"elementor-element elementor-element-5f1c8b7f e-con-full e-flex e-con e-parent\" data-id=\"5f1c8b7f\" data-element_type=\"container\" data-e-type=\"container\">\n\t\t\t\t<div class=\"elementor-element elementor-element-1bde9bec elementor-widget elementor-widget-text-editor\" data-id=\"1bde9bec\" data-element_type=\"widget\" data-e-type=\"widget\" data-widget_type=\"text-editor.default\">\n\t\t\t\t<div class=\"elementor-widget-container\">\n\t\t\t\t\t\t\t\t\t<p><\/p>\n<p>Uzun yol ta\u015f\u0131malar\u0131, yollarda ge\u00e7irilen s\u00fcreler gittik\u00e7e art\u0131yor. Bu yaz\u0131da, Be\u015finci Tekeri kamyonunuza nas\u0131l kendi ba\u015f\u0131n\u0131za takabilece\u011finizi anlataca\u011f\u0131z. Be\u015finci Tekeri kendi ba\u015f\u0131n\u0131za kamyonunuza takma i\u015fleminde bir\u00e7ok ad\u0131m\u0131 takip etmeniz ve kurallara \u00e7ok dikkat etmeniz gerekiyor. \u0130\u015finize yarayacak, bilmeniz gereken her detay\u0131 a\u00e7\u0131klayaca\u011f\u0131z.<\/p>\n<p><\/p>\n<p><\/p>\n<p>A\u011f\u0131r tonajl\u0131 y\u00fcklemelerde, uzun s\u00fcreli ta\u015f\u0131malarda, hafif ve orta y\u00fckl\u00fc ta\u015f\u0131malarda bu bilgiler i\u015finize \u00e7ok yaracak ve size rahatl\u0131k sa\u011flayacak. Ancak bu s\u00fcreci anlatmadan Tulga Be\u015finci Teker olarak size be\u015finci teker \u00fcr\u00fcnlerimizi tan\u0131tmak istiyoruz:<\/p>\n<p><\/p>\n<p><\/p>\n<h2 class=\"wp-block-heading\">Fifth Wheel Hitches<\/h2>\n<p><img decoding=\"async\" class=\"aligncenter wp-image-4465 size-full\" src=\"https:\/\/tulga.com\/wp-content\/uploads\/2024\/02\/gors-1.jpg\" alt=\"\" width=\"1024\" height=\"512\" srcset=\"https:\/\/tulga.com\/wp-content\/uploads\/2024\/02\/gors-1.jpg 1024w, https:\/\/tulga.com\/wp-content\/uploads\/2024\/02\/gors-1-300x150.jpg 300w, https:\/\/tulga.com\/wp-content\/uploads\/2024\/02\/gors-1-768x384.jpg 768w, https:\/\/tulga.com\/wp-content\/uploads\/2024\/02\/gors-1-285x143.jpg 285w, https:\/\/tulga.com\/wp-content\/uploads\/2024\/02\/gors-1-660x330.jpg 660w, https:\/\/tulga.com\/wp-content\/uploads\/2024\/02\/gors-1-150x75.jpg 150w\" sizes=\"(max-width: 1024px) 100vw, 1024px\" \/><\/p>\n<div>\u00a0<\/div>\n<p><\/p>\n<p><\/p>\n<p>Be\u015finci Teker, \u00e7ekici ile yar\u0131 r\u00f6mork ba\u011flant\u0131s\u0131, terminal trakt\u00f6rleri, dolly veya s\u00fcr\u00fc\u015f r\u00f6morku aras\u0131ndaki ba\u011flant\u0131y\u0131 sa\u011flar. Optimum \u00e7ekme ve uygun y\u00fck da\u011f\u0131l\u0131m\u0131 i\u00e7in Be\u015finci Teker ba\u011flant\u0131s\u0131, kamyon kasas\u0131n\u0131n merkezine m\u00fcmk\u00fcn olan en yak\u0131n yerde olmal\u0131d\u0131r. Temas\u0131 azaltmak i\u00e7in Be\u015finci Teker tablas\u0131n\u0131n y\u00fczeyine grease ya\u011f\u0131 s\u00fcr\u00fcl\u00fcr. 2\u2019\u2019 ve 3,5\u2019\u2019 Be\u015finci Tekerler, ISO 3842 belirlenmi\u015f montaj \u00f6l\u00e7\u00fclerinde oldu\u011fundan b\u00fct\u00fcn t\u0131r ve kamyon modelleri i\u00e7in uygundur. Semi-treylerin Be\u015finci Tekerin y\u00fczeyine temas eden k\u0131sm\u0131, Be\u015finci Tekerin b\u00fct\u00fcn y\u00fczeyinden k\u00fc\u00e7\u00fck olamaz.<\/p>\n<p><\/p>\n<p><\/p>\n<p>Sizlere \u00fcr\u00fcnlerimizi tan\u0131tmaktan mutluluk duyuyoruz ve verece\u011fimiz talimatlarla \u00e7ok daha kolay bir \u015fekilde \u00fcr\u00fcn\u00fcn\u00fcz\u00fc takabileceksiniz. Dilerseniz de Tulga Be\u015finci Teker Tesisi\u2019nde deneyimli teknik ekibimiz montaj\u0131n\u0131z\u0131 ger\u00e7ekle\u015ftirebilir.<\/p>\n<p><\/p>\n<p><\/p>\n<p>E\u011fer kendi ba\u015f\u0131n\u0131za montaj\u0131n\u0131 ger\u00e7ekle\u015ftirecekseniz Be\u015finci Teker\u2019in kurulumu i\u00e7in a\u015fa\u011f\u0131daki ad\u0131mlar\u0131 takip edebilirsiniz:<\/p>\n<p><\/p>\n<p><\/p>\n<p>Kamyonunuza Be\u015finci Tekeri se\u00e7erken biraz zorlanabilirsiniz ancak gerekli bilgilerle ve a\u015fa\u011f\u0131daki ad\u0131mlarla \u00e7ok daha kolay halledeceksiniz.<\/p>\n<p><\/p>\n<p><\/p>\n<p>\u0130lk etapta kamyonunuzun y\u00fck kapasitesini belirlemelisiniz. Be\u015finci Teker\u2019e gelen a\u011f\u0131rl\u0131k katar a\u011f\u0131rl\u0131\u011f\u0131n\u0131n 3\u2019te 1\u2019idir. Ara\u00e7taki dingil say\u0131s\u0131na g\u00f6re oransal olarak farkl\u0131l\u0131k g\u00f6sterir.<\/p>\n<p><\/p>\n<p><\/p>\n<p>Be\u015finci Tekerinizin modelini se\u00e7im yaparken \u00e7ekici arac\u0131n\u0131z\u0131n kapasitesini do\u011frulad\u0131ktan sonra, kapasitesine g\u00f6re uygun modeli Tulga Be\u015finci Teker uzman\u0131 taraf\u0131ndan \u00f6nerilen modeli se\u00e7melisiniz.<\/p>\n<p><\/p>\n<p><\/p>\n<p>\u015eimdi Be\u015finci Tekerinizi kendi ba\u015f\u0131n\u0131za nas\u0131l kuraca\u011f\u0131n\u0131z\u0131 anlataca\u011f\u0131z. Bu y\u00fczden makaleyi okuman\u0131z\u0131 \u00f6neririz.<\/p>\n<p><\/p>\n<p><\/p>\n<p>\u00c7ekici ara\u00e7lar i\u00e7in kapasitelere g\u00f6re tasarlanm\u0131\u015f Tulga Be\u015finci Teker kullanabilirsiniz.<\/p>\n<p><\/p>\n<p><\/p>\n<p>Genellikle \u00e7ekici arac\u0131n\u0131za herhangi bir yeni delik a\u00e7man\u0131za gerek kalmadan montaj\u0131 tamamlayabilirsiniz. Be\u015finci Teker ba\u011flant\u0131n\u0131z\u0131n kamyon kasas\u0131nda nereye tak\u0131lmas\u0131 gerekti\u011fini \u00f6\u011frenmek i\u00e7in her zaman \u00fcreticinizin kurulum talimatlar\u0131na bakmal\u0131s\u0131n\u0131z. Genel olarak, r\u00f6mork a\u011f\u0131rl\u0131\u011f\u0131n\u0131z kamyonun kabini ile arka aks aras\u0131na oturacak \u015fekilde konumland\u0131r\u0131lacakt\u0131r. Ba\u015fka bir deyi\u015fle, optimum \u00e7ekme ve uygun y\u00fck da\u011f\u0131l\u0131m\u0131 i\u00e7in, ba\u011flant\u0131n\u0131z kamyon kasas\u0131n\u0131n merkezine m\u00fcmk\u00fcn oldu\u011funca yak\u0131n olmal\u0131d\u0131r. Uzun \u015fase i\u00e7in, \u00f6l\u00e7\u00fcmler kabinden yakla\u015f\u0131k 56 in\u00e7, k\u0131sa bir \u015fase i\u00e7in ise kabinden yakla\u015f\u0131k 36 in\u00e7 uzakta olmal\u0131d\u0131r.<\/p>\n<p><\/p>\n<p><\/p>\n<p>Be\u015finci Teker ba\u011flant\u0131s\u0131n\u0131 montaj plakalar\u0131na ve her ikisini de kamyon kasas\u0131na yerle\u015ftirmek bir sonraki ad\u0131md\u0131r. Arac\u0131n\u0131zda montaj deli\u011fi yoksa, delmeye ba\u015flamadan \u00f6nce \u00f6l\u00e7meniz ve \u00fczerinde i\u015faretleme yapman\u0131z\u0131 \u00f6neririz. Bir matkap yard\u0131m\u0131yla \u015fasedeki delikleri 1\/2 in\u00e7 delebilirsiniz. Ayn\u0131 boyutta lokma ve c\u0131rc\u0131r ile 3\/4 in\u00e7lik bir anahtara ihtiyac\u0131n\u0131z olacak. \u00dcr\u00fcn talimatlar\u0131nda, montaj plakas\u0131n\u0131n d\u00fczenini ve deliklerinin nereye delinece\u011fini g\u00f6sterilmi\u015ftir.<\/p>\n<p><\/p>\t\t\t\t\t\t\t\t<\/div>\n\t\t\t\t<\/div>\n\t\t\t\t<\/div>\n\t\t\t\t<\/div>","protected":false},"excerpt":{"rendered":"<p>Uzun yol ta\u015f\u0131malar\u0131, yollarda ge\u00e7irilen s\u00fcreler gittik\u00e7e art\u0131yor. Bu yaz\u0131da, Be\u015finci Tekeri kamyonunuza nas\u0131l kendi ba\u015f\u0131n\u0131za takabilece\u011finizi anlataca\u011f\u0131z&#8230;.<\/p>","protected":false},"author":1,"featured_media":0,"parent":0,"menu_order":0,"comment_status":"closed","ping_status":"closed","template":"","meta":{"content-type":"","footnotes":""},"class_list":["post-3386","page","type-page","status-publish","hentry"],"_links":{"self":[{"href":"https:\/\/tulga.com\/en\/wp-json\/wp\/v2\/pages\/3386","targetHints":{"allow":["GET"]}}],"collection":[{"href":"https:\/\/tulga.com\/en\/wp-json\/wp\/v2\/pages"}],"about":[{"href":"https:\/\/tulga.com\/en\/wp-json\/wp\/v2\/types\/page"}],"author":[{"embeddable":true,"href":"https:\/\/tulga.com\/en\/wp-json\/wp\/v2\/users\/1"}],"replies":[{"embeddable":true,"href":"https:\/\/tulga.com\/en\/wp-json\/wp\/v2\/comments?post=3386"}],"version-history":[{"count":21,"href":"https:\/\/tulga.com\/en\/wp-json\/wp\/v2\/pages\/3386\/revisions"}],"predecessor-version":[{"id":4468,"href":"https:\/\/tulga.com\/en\/wp-json\/wp\/v2\/pages\/3386\/revisions\/4468"}],"wp:attachment":[{"href":"https:\/\/tulga.com\/en\/wp-json\/wp\/v2\/media?parent=3386"}],"curies":[{"name":"wp","href":"https:\/\/api.w.org\/{rel}","templated":true}]}}