{"id":346,"date":"2018-07-28T16:07:17","date_gmt":"2018-07-28T16:07:17","guid":{"rendered":"https:\/\/manufacturer.stylemixthemes.com\/?page_id=346"},"modified":"2025-11-21T15:45:15","modified_gmt":"2025-11-21T15:45:15","slug":"hakkimizda","status":"publish","type":"page","link":"https:\/\/tulga.com\/en\/hakkimizda\/","title":{"rendered":"About Us"},"content":{"rendered":"<div data-elementor-type=\"wp-post\" data-elementor-id=\"346\" class=\"elementor elementor-346\">\n\t\t\t\t\t\t<section class=\"elementor-section elementor-top-section elementor-element elementor-element-10b3474 elementor-section-boxed elementor-section-height-default elementor-section-height-default\" data-id=\"10b3474\" data-element_type=\"section\" data-e-type=\"section\" data-settings=\"{&quot;background_background&quot;:&quot;classic&quot;}\">\n\t\t\t\t\t\t<div class=\"elementor-container elementor-column-gap-default\">\n\t\t\t\t\t<div class=\"elementor-column elementor-col-100 elementor-top-column elementor-element elementor-element-9f7d21a elementor-invisible\" data-id=\"9f7d21a\" data-element_type=\"column\" data-e-type=\"column\" data-settings=\"{&quot;animation&quot;:&quot;fadeIn&quot;}\">\n\t\t\t<div class=\"elementor-widget-wrap elementor-element-populated\">\n\t\t\t\t\t\t<div class=\"elementor-element elementor-element-769de26 elementor-widget elementor-widget-image\" data-id=\"769de26\" data-element_type=\"widget\" data-e-type=\"widget\" data-widget_type=\"image.default\">\n\t\t\t\t<div class=\"elementor-widget-container\">\n\t\t\t\t\t\t\t\t\t\t\t\t\t\t\t<img fetchpriority=\"high\" decoding=\"async\" width=\"940\" height=\"496\" src=\"https:\/\/tulga.com\/wp-content\/uploads\/2023\/12\/bans.jpg\" class=\"attachment-large size-large wp-image-3989\" alt=\"\" srcset=\"https:\/\/tulga.com\/wp-content\/uploads\/2023\/12\/bans.jpg 1024w, https:\/\/tulga.com\/wp-content\/uploads\/2023\/12\/bans-300x158.jpg 300w, https:\/\/tulga.com\/wp-content\/uploads\/2023\/12\/bans-768x405.jpg 768w, https:\/\/tulga.com\/wp-content\/uploads\/2023\/12\/bans-285x150.jpg 285w, https:\/\/tulga.com\/wp-content\/uploads\/2023\/12\/bans-660x348.jpg 660w, https:\/\/tulga.com\/wp-content\/uploads\/2023\/12\/bans-150x79.jpg 150w\" sizes=\"(max-width: 940px) 100vw, 940px\" \/>\t\t\t\t\t\t\t\t\t\t\t\t\t\t\t<\/div>\n\t\t\t\t<\/div>\n\t\t\t\t\t<\/div>\n\t\t<\/div>\n\t\t\t\t\t<\/div>\n\t\t<\/section>\n\t\t<div class=\"elementor-element elementor-element-a4c617b e-flex e-con-boxed e-con e-parent\" data-id=\"a4c617b\" data-element_type=\"container\" data-e-type=\"container\">\n\t\t\t\t\t<div class=\"e-con-inner\">\n\t\t\t\t<div class=\"elementor-element elementor-element-2e501b2 elementor-widget elementor-widget-text-editor\" data-id=\"2e501b2\" data-element_type=\"widget\" data-e-type=\"widget\" data-widget_type=\"text-editor.default\">\n\t\t\t\t<div class=\"elementor-widget-container\">\n\t\t\t\t\t\t\t\t\t<h3>25 Years of Experience, Continuous Development and Improvement<\/h3><p>Tulga Fifth Wheel specializes in truck and trailer couplings.\n\nWe design and manufacture truck and trailer coupling components, including fifth wheels, king pins, pintle hooks, and associated accessories for both OEMs and aftermarket applications.<\/p><p class=\"translation-block\">Established in 2001, Tulga Fifth Wheel has been dedicated to crafting top-quality products in Turkey.\n\nOperating from offices in California, we primarily focus on wholesale distribution to vendors across the United States, aiming to fulfil specific customer needs.\n\nOur company excels in the installation of various semi-trailer and towing hitches, and has gained recognition for manufacturing and distributing trailer hitches, towing hitches, trailer parts, and accessories.<\/p><p>Tulga\u2019s vision is to be acknowledged as the premier global manufacturer, prioritizing uniqueness and originality in the design of towing hitches and trailers and providing a one-stop solution for a diverse range of product lines.\n\nWe have the largest inventory of fifth wheel plates, automatic towing hitches, hitch receivers, pintle hooks, drawbar eyes, towing hitches, their accessories and repair kits, adapters, kingpins. Tulga prides ourselves in having a quick turnaround and strive to be one of a kind by offering you the best price on the market. We want to help you and offer you the right product for your needs. As a company, we are always upgrading our products to meet the rapidly changing needs of our customers.\n\nOur vision is to be the best fifth wheel hitch plates, automatic towing hitches, drawbar eyes, military style and nato type pintle hooks, bumper hitches and their accessories and repair kits\u00a0manufacturer in the world meeting expectations of customers, clients,\u00a0 and associates. We aim for uniqueness and s originality in the design of our towing hitches and trailers. We offer a single-window solution for providing various product lines.<\/p><p>Exceptional customer service has always been a core priority and our team, composed of high-caliber professionals with extensive experience, is dedicated to serving you effectively.<\/p>\t\t\t\t\t\t\t\t<\/div>\n\t\t\t\t<\/div>\n\t\t\t\t\t<\/div>\n\t\t\t\t<\/div>\n\t\t<div class=\"elementor-element elementor-element-468bbc2 e-flex e-con-boxed e-con e-parent\" data-id=\"468bbc2\" data-element_type=\"container\" data-e-type=\"container\">\n\t\t\t\t\t<div class=\"e-con-inner\">\n\t\t\t\t<div class=\"elementor-element elementor-element-a9c11cc elementor-widget elementor-widget-image\" data-id=\"a9c11cc\" data-element_type=\"widget\" data-e-type=\"widget\" data-widget_type=\"image.default\">\n\t\t\t\t<div class=\"elementor-widget-container\">\n\t\t\t\t\t\t\t\t\t\t\t\t\t\t\t<img decoding=\"async\" width=\"768\" height=\"356\" src=\"https:\/\/tulga.com\/wp-content\/uploads\/2023\/11\/bant-banner-768x356.jpg\" class=\"attachment-medium_large size-medium_large wp-image-3591\" alt=\"\" srcset=\"https:\/\/tulga.com\/wp-content\/uploads\/2023\/11\/bant-banner-768x356.jpg 768w, https:\/\/tulga.com\/wp-content\/uploads\/2023\/11\/bant-banner-300x139.jpg 300w, https:\/\/tulga.com\/wp-content\/uploads\/2023\/11\/bant-banner-1024x474.jpg 1024w, https:\/\/tulga.com\/wp-content\/uploads\/2023\/11\/bant-banner-285x132.jpg 285w, https:\/\/tulga.com\/wp-content\/uploads\/2023\/11\/bant-banner-660x306.jpg 660w, https:\/\/tulga.com\/wp-content\/uploads\/2023\/11\/bant-banner-150x69.jpg 150w, https:\/\/tulga.com\/wp-content\/uploads\/2023\/11\/bant-banner.jpg 1080w\" sizes=\"(max-width: 768px) 100vw, 768px\" \/>\t\t\t\t\t\t\t\t\t\t\t\t\t\t\t<\/div>\n\t\t\t\t<\/div>\n\t\t\t\t\t<\/div>\n\t\t\t\t<\/div>\n\t\t<div class=\"elementor-element elementor-element-c5b4955 e-flex e-con-boxed e-con e-parent\" data-id=\"c5b4955\" data-element_type=\"container\" data-e-type=\"container\">\n\t\t\t\t\t<div class=\"e-con-inner\">\n\t\t\t\t<div class=\"elementor-element elementor-element-36f7c34 elementor-widget elementor-widget-text-editor\" data-id=\"36f7c34\" data-element_type=\"widget\" data-e-type=\"widget\" data-widget_type=\"text-editor.default\">\n\t\t\t\t<div class=\"elementor-widget-container\">\n\t\t\t\t\t\t\t\t\t<h3>OUR BASIC PRINCIPLES AND VALUES<\/h3><p>Honesty and Reliability<\/p><p>Frankness<\/p><p>Being Hardworking and Selfless<\/p><p>Sufficiency<\/p><p>Discipline<\/p><p>Esteeming People<\/p><p>Geniality<\/p><p>Teamwork<\/p><p>Being Open to Innovation and Alternation<\/p><p>Being Focused on Customer<\/p><p>Loyalty to Quality Culture<\/p><p>Open Communication<\/p>\t\t\t\t\t\t\t\t<\/div>\n\t\t\t\t<\/div>\n\t\t\t\t\t<\/div>\n\t\t\t\t<\/div>\n\t\t<div class=\"elementor-element elementor-element-f0f587b e-flex e-con-boxed e-con e-parent\" data-id=\"f0f587b\" data-element_type=\"container\" data-e-type=\"container\">\n\t\t\t\t\t<div class=\"e-con-inner\">\n\t\t\t\t<div class=\"elementor-element elementor-element-33559a2 elementor-widget elementor-widget-image\" data-id=\"33559a2\" data-element_type=\"widget\" data-e-type=\"widget\" data-widget_type=\"image.default\">\n\t\t\t\t<div class=\"elementor-widget-container\">\n\t\t\t\t\t\t\t\t\t\t\t\t\t\t\t<img decoding=\"async\" width=\"768\" height=\"356\" src=\"https:\/\/tulga.com\/wp-content\/uploads\/2023\/11\/hakkimizda-768x356.jpg\" class=\"attachment-medium_large size-medium_large wp-image-3595\" alt=\"\" srcset=\"https:\/\/tulga.com\/wp-content\/uploads\/2023\/11\/hakkimizda-768x356.jpg 768w, https:\/\/tulga.com\/wp-content\/uploads\/2023\/11\/hakkimizda-300x139.jpg 300w, https:\/\/tulga.com\/wp-content\/uploads\/2023\/11\/hakkimizda-1024x474.jpg 1024w, https:\/\/tulga.com\/wp-content\/uploads\/2023\/11\/hakkimizda-285x132.jpg 285w, https:\/\/tulga.com\/wp-content\/uploads\/2023\/11\/hakkimizda-660x306.jpg 660w, https:\/\/tulga.com\/wp-content\/uploads\/2023\/11\/hakkimizda-150x69.jpg 150w, https:\/\/tulga.com\/wp-content\/uploads\/2023\/11\/hakkimizda.jpg 1080w\" sizes=\"(max-width: 768px) 100vw, 768px\" \/>\t\t\t\t\t\t\t\t\t\t\t\t\t\t\t<\/div>\n\t\t\t\t<\/div>\n\t\t\t\t\t<\/div>\n\t\t\t\t<\/div>\n\t\t<div class=\"elementor-element elementor-element-4f6d4f3 e-flex e-con-boxed e-con e-parent\" data-id=\"4f6d4f3\" data-element_type=\"container\" data-e-type=\"container\">\n\t\t\t\t\t<div class=\"e-con-inner\">\n\t\t\t\t<div class=\"elementor-element elementor-element-b327d2c elementor-widget elementor-widget-text-editor\" data-id=\"b327d2c\" data-element_type=\"widget\" data-e-type=\"widget\" data-widget_type=\"text-editor.default\">\n\t\t\t\t<div class=\"elementor-widget-container\">\n\t\t\t\t\t\t\t\t\t<h3>OUR VISION<\/h3>\n<p>Respect for legal rights and environment,<\/p>\n<p>Listening the customer continuously, answering the demands positively,<\/p>\n<p>Employee\u2019s participation into the management and providing continuous improvement,<\/p>\n<p>Reviewing performance of Quality Management System continuously, continuous improvement of efficiency,\u00a0all employees\u2019 understanding and adoption of such approach.<\/p>\n<p>This understanding constitutes the base of Quality Culture of\u00a0TULGA Fifth Wheel Machine Industrial Products Co.<\/p>\t\t\t\t\t\t\t\t<\/div>\n\t\t\t\t<\/div>\n\t\t\t\t<div class=\"elementor-element elementor-element-cff5f49 elementor-widget elementor-widget-image\" data-id=\"cff5f49\" data-element_type=\"widget\" data-e-type=\"widget\" data-widget_type=\"image.default\">\n\t\t\t\t<div class=\"elementor-widget-container\">\n\t\t\t\t\t\t\t\t\t\t\t\t\t\t\t<img loading=\"lazy\" decoding=\"async\" width=\"768\" height=\"356\" src=\"https:\/\/tulga.com\/wp-content\/uploads\/2023\/12\/ban.jpg\" class=\"attachment-medium_large size-medium_large wp-image-3985\" alt=\"\" srcset=\"https:\/\/tulga.com\/wp-content\/uploads\/2023\/12\/ban.jpg 768w, https:\/\/tulga.com\/wp-content\/uploads\/2023\/12\/ban-300x139.jpg 300w, https:\/\/tulga.com\/wp-content\/uploads\/2023\/12\/ban-285x132.jpg 285w, https:\/\/tulga.com\/wp-content\/uploads\/2023\/12\/ban-660x306.jpg 660w, https:\/\/tulga.com\/wp-content\/uploads\/2023\/12\/ban-150x70.jpg 150w\" sizes=\"(max-width: 768px) 100vw, 768px\" \/>\t\t\t\t\t\t\t\t\t\t\t\t\t\t\t<\/div>\n\t\t\t\t<\/div>\n\t\t<div class=\"elementor-element elementor-element-6d1b9b1 e-flex e-con-boxed e-con e-child\" data-id=\"6d1b9b1\" data-element_type=\"container\" data-e-type=\"container\">\n\t\t\t\t\t<div class=\"e-con-inner\">\n\t\t\t\t<div class=\"elementor-element elementor-element-32744f4 elementor-widget elementor-widget-text-editor\" data-id=\"32744f4\" data-element_type=\"widget\" data-e-type=\"widget\" data-widget_type=\"text-editor.default\">\n\t\t\t\t<div class=\"elementor-widget-container\">\n\t\t\t\t\t\t\t\t\t<h3>OUR MISSION<\/h3>\n<p>Since 2001, with 25 years of rooted experience, we aim to provide superior quality with production excellence, on-time performance, and the ability to meet customer needs most efficiently.<\/p>\n<p>We strive to offer the highest quality products and services in Turkey and various regions worldwide with an expert team in the field.<\/p>\n<p>Our commitment includes creating products that comply with international standards,<\/p>\n<p>Delivering services with products certified under United Nations Regulation ECE R55 Type Approval.<\/p>\t\t\t\t\t\t\t\t<\/div>\n\t\t\t\t<\/div>\n\t\t\t\t\t<\/div>\n\t\t\t\t<\/div>\n\t\t\t\t\t<\/div>\n\t\t\t\t<\/div>\n\t\t\t\t<\/div>","protected":false},"excerpt":{"rendered":"<p>25 Y\u0131ll\u0131k Tecr\u00fcbe ile Geli\u015fmeye Devam Ediyoruz! Tulga Be\u015finci Teker sa\u011flad\u0131\u011f\u0131 hizmetler ile m\u00fc\u015fteri beklentilerini kar\u015f\u0131lamay\u0131 hedefleyen hem&#8230;<\/p>","protected":false},"author":1,"featured_media":0,"parent":0,"menu_order":0,"comment_status":"closed","ping_status":"closed","template":"elementor_header_footer","meta":{"content-type":"","footnotes":""},"class_list":["post-346","page","type-page","status-publish","hentry"],"_links":{"self":[{"href":"https:\/\/tulga.com\/en\/wp-json\/wp\/v2\/pages\/346","targetHints":{"allow":["GET"]}}],"collection":[{"href":"https:\/\/tulga.com\/en\/wp-json\/wp\/v2\/pages"}],"about":[{"href":"https:\/\/tulga.com\/en\/wp-json\/wp\/v2\/types\/page"}],"author":[{"embeddable":true,"href":"https:\/\/tulga.com\/en\/wp-json\/wp\/v2\/users\/1"}],"replies":[{"embeddable":true,"href":"https:\/\/tulga.com\/en\/wp-json\/wp\/v2\/comments?post=346"}],"version-history":[{"count":58,"href":"https:\/\/tulga.com\/en\/wp-json\/wp\/v2\/pages\/346\/revisions"}],"predecessor-version":[{"id":4754,"href":"https:\/\/tulga.com\/en\/wp-json\/wp\/v2\/pages\/346\/revisions\/4754"}],"wp:attachment":[{"href":"https:\/\/tulga.com\/en\/wp-json\/wp\/v2\/media?parent=346"}],"curies":[{"name":"wp","href":"https:\/\/api.w.org\/{rel}","templated":true}]}}