{"id":352,"date":"2018-07-28T16:08:06","date_gmt":"2018-07-28T16:08:06","guid":{"rendered":"https:\/\/manufacturer.stylemixthemes.com\/?page_id=352"},"modified":"2024-02-28T20:11:30","modified_gmt":"2024-02-28T20:11:30","slug":"sertifikalar","status":"publish","type":"page","link":"https:\/\/tulga.com\/en\/sertifikalar\/","title":{"rendered":"Certificates"},"content":{"rendered":"<div data-elementor-type=\"wp-post\" data-elementor-id=\"352\" class=\"elementor elementor-352\">\n\t\t\t\t\t\t<section class=\"elementor-section elementor-top-section elementor-element elementor-element-e0408f4 elementor-section-boxed elementor-section-height-default elementor-section-height-default elementor-invisible\" data-id=\"e0408f4\" data-element_type=\"section\" data-e-type=\"section\" data-settings=\"{&quot;background_background&quot;:&quot;classic&quot;,&quot;animation&quot;:&quot;fadeIn&quot;}\">\n\t\t\t\t\t\t<div class=\"elementor-container elementor-column-gap-default\">\n\t\t\t\t\t<div class=\"elementor-column elementor-col-100 elementor-top-column elementor-element elementor-element-5e1e34d\" data-id=\"5e1e34d\" data-element_type=\"column\" data-e-type=\"column\">\n\t\t\t<div class=\"elementor-widget-wrap elementor-element-populated\">\n\t\t\t\t\t\t<div class=\"man_gallery_slider elementor-element elementor-element-98be377 elementor-widget elementor-widget-image-gallery\" data-items=\"3\" data-id=\"98be377\" data-element_type=\"widget\" data-e-type=\"widget\" data-widget_type=\"image-gallery.default\">\n\t\t\t\t<div class=\"elementor-widget-container\">\n\t\t\t\t\t\t\t<div class=\"elementor-image-gallery\">\n\t\t\t<div id='gallery-1' class='gallery galleryid-352 gallery-columns-3 gallery-size-manufacturer_full'><figure class='gallery-item'>\n\t\t\t<div class='gallery-icon landscape'>\n\t\t\t\t<a data-elementor-open-lightbox=\"yes\" data-elementor-lightbox-slideshow=\"98be377\" data-elementor-lightbox-title=\"iso-logo\" data-e-action-hash=\"#elementor-action%3Aaction%3Dlightbox%26settings%3DeyJpZCI6MzY2MiwidXJsIjoiaHR0cHM6XC9cL3R1bGdhLmNvbVwvd3AtY29udGVudFwvdXBsb2Fkc1wvMjAyM1wvMTFcL2lzby1sb2dvLmpwZyIsInNsaWRlc2hvdyI6Ijk4YmUzNzcifQ%3D%3D\" href='https:\/\/tulga.com\/wp-content\/uploads\/2023\/11\/iso-logo.jpg'><img fetchpriority=\"high\" decoding=\"async\" width=\"500\" height=\"500\" src=\"https:\/\/tulga.com\/wp-content\/uploads\/2023\/11\/iso-logo.jpg\" class=\"attachment-manufacturer_full size-manufacturer_full\" alt=\"\" srcset=\"https:\/\/tulga.com\/wp-content\/uploads\/2023\/11\/iso-logo.jpg 500w, https:\/\/tulga.com\/wp-content\/uploads\/2023\/11\/iso-logo-300x300.jpg 300w, https:\/\/tulga.com\/wp-content\/uploads\/2023\/11\/iso-logo-150x150.jpg 150w, https:\/\/tulga.com\/wp-content\/uploads\/2023\/11\/iso-logo-285x285.jpg 285w, https:\/\/tulga.com\/wp-content\/uploads\/2023\/11\/iso-logo-270x270.jpg 270w\" sizes=\"(max-width: 500px) 100vw, 500px\" \/><\/a>\n\t\t\t<\/div><\/figure><figure class='gallery-item'>\n\t\t\t<div class='gallery-icon landscape'>\n\t\t\t\t<a data-elementor-open-lightbox=\"yes\" data-elementor-lightbox-slideshow=\"98be377\" data-elementor-lightbox-title=\"libertas-logo\" data-e-action-hash=\"#elementor-action%3Aaction%3Dlightbox%26settings%3DeyJpZCI6MzY2MywidXJsIjoiaHR0cHM6XC9cL3R1bGdhLmNvbVwvd3AtY29udGVudFwvdXBsb2Fkc1wvMjAyM1wvMTFcL2xpYmVydGFzLWxvZ28tMS5qcGciLCJzbGlkZXNob3ciOiI5OGJlMzc3In0%3D\" href='https:\/\/tulga.com\/wp-content\/uploads\/2023\/11\/libertas-logo-1.jpg'><img decoding=\"async\" width=\"500\" height=\"500\" src=\"https:\/\/tulga.com\/wp-content\/uploads\/2023\/11\/libertas-logo-1.jpg\" class=\"attachment-manufacturer_full size-manufacturer_full\" alt=\"\" srcset=\"https:\/\/tulga.com\/wp-content\/uploads\/2023\/11\/libertas-logo-1.jpg 500w, https:\/\/tulga.com\/wp-content\/uploads\/2023\/11\/libertas-logo-1-300x300.jpg 300w, https:\/\/tulga.com\/wp-content\/uploads\/2023\/11\/libertas-logo-1-150x150.jpg 150w, https:\/\/tulga.com\/wp-content\/uploads\/2023\/11\/libertas-logo-1-285x285.jpg 285w, https:\/\/tulga.com\/wp-content\/uploads\/2023\/11\/libertas-logo-1-270x270.jpg 270w\" sizes=\"(max-width: 500px) 100vw, 500px\" \/><\/a>\n\t\t\t<\/div><\/figure><figure class='gallery-item'>\n\t\t\t<div class='gallery-icon landscape'>\n\t\t\t\t<a data-elementor-open-lightbox=\"yes\" data-elementor-lightbox-slideshow=\"98be377\" data-elementor-lightbox-title=\"vca-2\" data-e-action-hash=\"#elementor-action%3Aaction%3Dlightbox%26settings%3DeyJpZCI6MzY2NCwidXJsIjoiaHR0cHM6XC9cL3R1bGdhLmNvbVwvd3AtY29udGVudFwvdXBsb2Fkc1wvMjAyM1wvMTFcL3ZjYS0yLTEuanBnIiwic2xpZGVzaG93IjoiOThiZTM3NyJ9\" href='https:\/\/tulga.com\/wp-content\/uploads\/2023\/11\/vca-2-1.jpg'><img decoding=\"async\" width=\"500\" height=\"500\" src=\"https:\/\/tulga.com\/wp-content\/uploads\/2023\/11\/vca-2-1.jpg\" class=\"attachment-manufacturer_full size-manufacturer_full\" alt=\"\" srcset=\"https:\/\/tulga.com\/wp-content\/uploads\/2023\/11\/vca-2-1.jpg 500w, https:\/\/tulga.com\/wp-content\/uploads\/2023\/11\/vca-2-1-300x300.jpg 300w, https:\/\/tulga.com\/wp-content\/uploads\/2023\/11\/vca-2-1-150x150.jpg 150w, https:\/\/tulga.com\/wp-content\/uploads\/2023\/11\/vca-2-1-285x285.jpg 285w, https:\/\/tulga.com\/wp-content\/uploads\/2023\/11\/vca-2-1-270x270.jpg 270w\" sizes=\"(max-width: 500px) 100vw, 500px\" \/><\/a>\n\t\t\t<\/div><\/figure>\n\t\t<\/div>\n\t\t<\/div>\n\t\t\t\t\t\t<\/div>\n\t\t\t\t<\/div>\n\t\t\t\t\t<\/div>\n\t\t<\/div>\n\t\t\t\t\t<\/div>\n\t\t<\/section>\n\t\t\t\t<section class=\"elementor-section elementor-top-section elementor-element elementor-element-69054a0 elementor-section-boxed elementor-section-height-default elementor-section-height-default\" data-id=\"69054a0\" data-element_type=\"section\" data-e-type=\"section\">\n\t\t\t\t\t\t<div class=\"elementor-container elementor-column-gap-default\">\n\t\t\t\t\t<div class=\"elementor-column elementor-col-100 elementor-top-column elementor-element elementor-element-8bec390\" data-id=\"8bec390\" data-element_type=\"column\" data-e-type=\"column\">\n\t\t\t<div class=\"elementor-widget-wrap elementor-element-populated\">\n\t\t\t\t\t\t<section class=\"elementor-section elementor-inner-section elementor-element elementor-element-c0ee88b elementor-section-boxed elementor-section-height-default elementor-section-height-default\" data-id=\"c0ee88b\" data-element_type=\"section\" data-e-type=\"section\">\n\t\t\t\t\t\t<div class=\"elementor-container elementor-column-gap-no\">\n\t\t\t\t\t<div class=\"elementor-column elementor-col-50 elementor-inner-column elementor-element elementor-element-23d8ce5\" data-id=\"23d8ce5\" data-element_type=\"column\" data-e-type=\"column\">\n\t\t\t<div class=\"elementor-widget-wrap elementor-element-populated\">\n\t\t\t\t\t\t<div class=\"elementor-element elementor-element-d00654d elementor-widget elementor-widget-image\" data-id=\"d00654d\" data-element_type=\"widget\" data-e-type=\"widget\" data-widget_type=\"image.default\">\n\t\t\t\t<div class=\"elementor-widget-container\">\n\t\t\t\t\t\t\t\t\t\t\t\t\t\t\t<img loading=\"lazy\" decoding=\"async\" width=\"150\" height=\"150\" src=\"https:\/\/tulga.com\/wp-content\/uploads\/2023\/10\/tulga-4-150x150-1.png\" class=\"attachment-large size-large wp-image-2941\" alt=\"\" \/>\t\t\t\t\t\t\t\t\t\t\t\t\t\t\t<\/div>\n\t\t\t\t<\/div>\n\t\t\t\t\t<\/div>\n\t\t<\/div>\n\t\t\t\t<div class=\"elementor-column elementor-col-50 elementor-inner-column elementor-element elementor-element-384c65f\" data-id=\"384c65f\" data-element_type=\"column\" data-e-type=\"column\">\n\t\t\t<div class=\"elementor-widget-wrap elementor-element-populated\">\n\t\t\t\t\t\t<div class=\"elementor-element elementor-element-1d8d753 elementor-widget elementor-widget-heading\" data-id=\"1d8d753\" data-element_type=\"widget\" data-e-type=\"widget\" data-widget_type=\"heading.default\">\n\t\t\t\t<div class=\"elementor-widget-container\">\n\t\t\t\t\t<h3 class=\"elementor-heading-title elementor-size-default elementor-heading-title elementor-align-after-mobile-center\"><p>ISO 9001:2015 Quality Management System Certification<\/p><\/h3>\t\t\t\t<\/div>\n\t\t\t\t<\/div>\n\t\t\t\t<div class=\"elementor-element elementor-element-fb3c6a8 elementor-widget elementor-widget-text-editor\" data-id=\"fb3c6a8\" data-element_type=\"widget\" data-e-type=\"widget\" data-widget_type=\"text-editor.default\">\n\t\t\t\t<div class=\"elementor-widget-container\">\n\t\t\t\t\t\t\t\t\t<p>It provides services with high-quality products in compliance with international standards, holding ISO 9001:2015 Certification.<\/p>\t\t\t\t\t\t\t\t<\/div>\n\t\t\t\t<\/div>\n\t\t\t\t\t<\/div>\n\t\t<\/div>\n\t\t\t\t\t<\/div>\n\t\t<\/section>\n\t\t\t\t<section class=\"elementor-section elementor-inner-section elementor-element elementor-element-10f84e0 elementor-section-boxed elementor-section-height-default elementor-section-height-default\" data-id=\"10f84e0\" data-element_type=\"section\" data-e-type=\"section\">\n\t\t\t\t\t\t<div class=\"elementor-container elementor-column-gap-no\">\n\t\t\t\t\t<div class=\"elementor-column elementor-col-50 elementor-inner-column elementor-element elementor-element-1952eec\" data-id=\"1952eec\" data-element_type=\"column\" data-e-type=\"column\">\n\t\t\t<div class=\"elementor-widget-wrap elementor-element-populated\">\n\t\t\t\t\t\t<div class=\"elementor-element elementor-element-2d59742 elementor-widget elementor-widget-image\" data-id=\"2d59742\" data-element_type=\"widget\" data-e-type=\"widget\" data-widget_type=\"image.default\">\n\t\t\t\t<div class=\"elementor-widget-container\">\n\t\t\t\t\t\t\t\t\t\t\t\t\t\t\t<img loading=\"lazy\" decoding=\"async\" width=\"150\" height=\"150\" src=\"https:\/\/tulga.com\/wp-content\/uploads\/2023\/10\/sanmarino.png\" class=\"attachment-large size-large wp-image-2950\" alt=\"\" \/>\t\t\t\t\t\t\t\t\t\t\t\t\t\t\t<\/div>\n\t\t\t\t<\/div>\n\t\t\t\t\t<\/div>\n\t\t<\/div>\n\t\t\t\t<div class=\"elementor-column elementor-col-50 elementor-inner-column elementor-element elementor-element-2d07743\" data-id=\"2d07743\" data-element_type=\"column\" data-e-type=\"column\">\n\t\t\t<div class=\"elementor-widget-wrap elementor-element-populated\">\n\t\t\t\t\t\t<div class=\"elementor-element elementor-element-ed91b7d elementor-widget elementor-widget-heading\" data-id=\"ed91b7d\" data-element_type=\"widget\" data-e-type=\"widget\" data-widget_type=\"heading.default\">\n\t\t\t\t<div class=\"elementor-widget-container\">\n\t\t\t\t\t<h3 class=\"elementor-heading-title elementor-size-default elementor-heading-title elementor-align-after-mobile-center\"><p>Component Type Approved Mechanical Couplings acc. to United Nations 94\/20 ECE R55 Regulation<span style=\"float: none;display: inline !important\"><\/span><\/p><\/h3>\t\t\t\t<\/div>\n\t\t\t\t<\/div>\n\t\t\t\t<div class=\"elementor-element elementor-element-df87f03 elementor-widget elementor-widget-text-editor\" data-id=\"df87f03\" data-element_type=\"widget\" data-e-type=\"widget\" data-widget_type=\"text-editor.default\">\n\t\t\t\t<div class=\"elementor-widget-container\">\n\t\t\t\t\t\t\t\t\t<p>It delivers services with products certified under the United Nations Regulation ECE R55 Type Approval.<\/p>\t\t\t\t\t\t\t\t<\/div>\n\t\t\t\t<\/div>\n\t\t\t\t\t<\/div>\n\t\t<\/div>\n\t\t\t\t\t<\/div>\n\t\t<\/section>\n\t\t\t\t<section class=\"elementor-section elementor-inner-section elementor-element elementor-element-ee80118 elementor-section-boxed elementor-section-height-default elementor-section-height-default\" data-id=\"ee80118\" data-element_type=\"section\" data-e-type=\"section\">\n\t\t\t\t\t\t<div class=\"elementor-container elementor-column-gap-no\">\n\t\t\t\t\t<div class=\"elementor-column elementor-col-50 elementor-inner-column elementor-element elementor-element-496042f\" data-id=\"496042f\" data-element_type=\"column\" data-e-type=\"column\">\n\t\t\t<div class=\"elementor-widget-wrap elementor-element-populated\">\n\t\t\t\t\t\t<div class=\"elementor-element elementor-element-88ad0e5 elementor-widget elementor-widget-image\" data-id=\"88ad0e5\" data-element_type=\"widget\" data-e-type=\"widget\" data-widget_type=\"image.default\">\n\t\t\t\t<div class=\"elementor-widget-container\">\n\t\t\t\t\t\t\t\t\t\t\t\t\t\t\t<img loading=\"lazy\" decoding=\"async\" width=\"150\" height=\"150\" src=\"https:\/\/tulga.com\/wp-content\/uploads\/2023\/10\/vca-logo.png\" class=\"attachment-large size-large wp-image-2949\" alt=\"\" \/>\t\t\t\t\t\t\t\t\t\t\t\t\t\t\t<\/div>\n\t\t\t\t<\/div>\n\t\t\t\t\t<\/div>\n\t\t<\/div>\n\t\t\t\t<div class=\"elementor-column elementor-col-50 elementor-inner-column elementor-element elementor-element-ad6916d\" data-id=\"ad6916d\" data-element_type=\"column\" data-e-type=\"column\">\n\t\t\t<div class=\"elementor-widget-wrap elementor-element-populated\">\n\t\t\t\t\t\t<div class=\"elementor-element elementor-element-873a8f4 elementor-widget elementor-widget-heading\" data-id=\"873a8f4\" data-element_type=\"widget\" data-e-type=\"widget\" data-widget_type=\"heading.default\">\n\t\t\t\t<div class=\"elementor-widget-container\">\n\t\t\t\t\t<h3 class=\"elementor-heading-title elementor-size-default elementor-heading-title elementor-align-after-mobile-center\"><p><span style=\"float: none;display: inline !important\">VCA Approved Quality Certificates Compliant with ECE R55 Regulations<\/span><br><\/p><\/h3>\t\t\t\t<\/div>\n\t\t\t\t<\/div>\n\t\t\t\t<div class=\"elementor-element elementor-element-da9007e elementor-widget elementor-widget-text-editor\" data-id=\"da9007e\" data-element_type=\"widget\" data-e-type=\"widget\" data-widget_type=\"text-editor.default\">\n\t\t\t\t<div class=\"elementor-widget-container\">\n\t\t\t\t\t\t\t\t\t<p>It delivers services with products certified under the United Nations Regulation ECE R55 Type Approval.<\/p>\t\t\t\t\t\t\t\t<\/div>\n\t\t\t\t<\/div>\n\t\t\t\t\t<\/div>\n\t\t<\/div>\n\t\t\t\t\t<\/div>\n\t\t<\/section>\n\t\t\t\t\t<\/div>\n\t\t<\/div>\n\t\t\t\t\t<\/div>\n\t\t<\/section>\n\t\t\t\t<\/div>","protected":false},"excerpt":{"rendered":"<p>ISO9001 Kalite Sistemine Uygun \u00dcr\u00fcnler ISO9001 kalite belgesiyle uluslararas\u0131 standartlara uygun \u015fekilde \u00fcst\u00fcn kaliteli \u00fcr\u00fcnler ile hizmet vermektedir&#8230;.<\/p>","protected":false},"author":1,"featured_media":0,"parent":0,"menu_order":0,"comment_status":"closed","ping_status":"closed","template":"elementor_header_footer","meta":{"content-type":"","footnotes":""},"class_list":["post-352","page","type-page","status-publish","hentry"],"_links":{"self":[{"href":"https:\/\/tulga.com\/en\/wp-json\/wp\/v2\/pages\/352","targetHints":{"allow":["GET"]}}],"collection":[{"href":"https:\/\/tulga.com\/en\/wp-json\/wp\/v2\/pages"}],"about":[{"href":"https:\/\/tulga.com\/en\/wp-json\/wp\/v2\/types\/page"}],"author":[{"embeddable":true,"href":"https:\/\/tulga.com\/en\/wp-json\/wp\/v2\/users\/1"}],"replies":[{"embeddable":true,"href":"https:\/\/tulga.com\/en\/wp-json\/wp\/v2\/comments?post=352"}],"version-history":[{"count":25,"href":"https:\/\/tulga.com\/en\/wp-json\/wp\/v2\/pages\/352\/revisions"}],"predecessor-version":[{"id":4515,"href":"https:\/\/tulga.com\/en\/wp-json\/wp\/v2\/pages\/352\/revisions\/4515"}],"wp:attachment":[{"href":"https:\/\/tulga.com\/en\/wp-json\/wp\/v2\/media?parent=352"}],"curies":[{"name":"wp","href":"https:\/\/api.w.org\/{rel}","templated":true}]}}