{"id":528,"date":"2018-08-07T10:31:22","date_gmt":"2018-08-07T10:31:22","guid":{"rendered":"https:\/\/manufacturer.stylemixthemes.com\/?page_id=528"},"modified":"2024-04-06T22:29:37","modified_gmt":"2024-04-06T22:29:37","slug":"blog-grid","status":"publish","type":"page","link":"https:\/\/tulga.com\/en\/blog-grid\/","title":{"rendered":"Blog"},"content":{"rendered":"<div data-elementor-type=\"wp-post\" data-elementor-id=\"528\" class=\"elementor elementor-528\">\n\t\t\t\t<div class=\"elementor-element elementor-element-32f00ab e-flex e-con-boxed e-con e-parent\" data-id=\"32f00ab\" data-element_type=\"container\" data-e-type=\"container\">\n\t\t\t\t\t<div class=\"e-con-inner\">\n\t\t\t\t<div class=\"elementor-element elementor-element-b9c89a3 elementor-position-top elementor-widget elementor-widget-image-box\" data-id=\"b9c89a3\" data-element_type=\"widget\" data-e-type=\"widget\" data-widget_type=\"image-box.default\">\n\t\t\t\t<div class=\"elementor-widget-container\">\n\t\t\t\t\t<div class=\"elementor-image-box-wrapper\"><figure class=\"elementor-image-box-img\"><a href=\"https:\/\/tulga.com\/en\/besinci-teker-baglantisi-nasil-yapilir\/\" tabindex=\"-1\"><img fetchpriority=\"high\" decoding=\"async\" width=\"500\" height=\"500\" src=\"https:\/\/tulga.com\/wp-content\/uploads\/2023\/11\/besinci-teker-blog.jpg\" class=\"attachment-full size-full wp-image-3553\" alt=\"\" srcset=\"https:\/\/tulga.com\/wp-content\/uploads\/2023\/11\/besinci-teker-blog.jpg 500w, https:\/\/tulga.com\/wp-content\/uploads\/2023\/11\/besinci-teker-blog-300x300.jpg 300w, https:\/\/tulga.com\/wp-content\/uploads\/2023\/11\/besinci-teker-blog-150x150.jpg 150w, https:\/\/tulga.com\/wp-content\/uploads\/2023\/11\/besinci-teker-blog-285x285.jpg 285w, https:\/\/tulga.com\/wp-content\/uploads\/2023\/11\/besinci-teker-blog-270x270.jpg 270w\" sizes=\"(max-width: 500px) 100vw, 500px\" \/><\/a><\/figure><div class=\"elementor-image-box-content\"><h3 class=\"elementor-image-box-title\"><a href=\"https:\/\/tulga.com\/en\/besinci-teker-baglantisi-nasil-yapilir\/\">How to Connect a Fifth Wheel?<\/a><\/h3><p class=\"elementor-image-box-description\">Long-distance transportation and time spent on the roads are increasing. In this article we will explain how you can install a Fifth Wheel on your truck yourself.<\/p><\/div><\/div>\t\t\t\t<\/div>\n\t\t\t\t<\/div>\n\t\t\t\t<div class=\"elementor-element elementor-element-14ac831 elementor-position-top elementor-widget elementor-widget-image-box\" data-id=\"14ac831\" data-element_type=\"widget\" data-e-type=\"widget\" data-widget_type=\"image-box.default\">\n\t\t\t\t<div class=\"elementor-widget-container\">\n\t\t\t\t\t<div class=\"elementor-image-box-wrapper\"><figure class=\"elementor-image-box-img\"><a href=\"https:\/\/tulga.com\/en\/kingpin-nasil-kurulur\/\" tabindex=\"-1\"><img decoding=\"async\" width=\"500\" height=\"500\" src=\"https:\/\/tulga.com\/wp-content\/uploads\/2023\/10\/kingpins-blog.jpg\" class=\"attachment-full size-full wp-image-3635\" alt=\"\" srcset=\"https:\/\/tulga.com\/wp-content\/uploads\/2023\/10\/kingpins-blog.jpg 500w, https:\/\/tulga.com\/wp-content\/uploads\/2023\/10\/kingpins-blog-300x300.jpg 300w, https:\/\/tulga.com\/wp-content\/uploads\/2023\/10\/kingpins-blog-150x150.jpg 150w, https:\/\/tulga.com\/wp-content\/uploads\/2023\/10\/kingpins-blog-285x285.jpg 285w, https:\/\/tulga.com\/wp-content\/uploads\/2023\/10\/kingpins-blog-270x270.jpg 270w\" sizes=\"(max-width: 500px) 100vw, 500px\" \/><\/a><\/figure><div class=\"elementor-image-box-content\"><h3 class=\"elementor-image-box-title\"><a href=\"https:\/\/tulga.com\/en\/kingpin-nasil-kurulur\/\">How to Install Kingpin?<\/a><\/h3><p class=\"elementor-image-box-description\">Kingpin installation seems like a really simple process, but keep in mind there's a lot going into it. Many of you may encounter a few problems when you buy an old axle and try as much as you can but cannot remove the main pins.<\/p><\/div><\/div>\t\t\t\t<\/div>\n\t\t\t\t<\/div>\n\t\t\t\t<div class=\"elementor-element elementor-element-8a359f7 elementor-position-top elementor-widget elementor-widget-image-box\" data-id=\"8a359f7\" data-element_type=\"widget\" data-e-type=\"widget\" data-widget_type=\"image-box.default\">\n\t\t\t\t<div class=\"elementor-widget-container\">\n\t\t\t\t\t<div class=\"elementor-image-box-wrapper\"><figure class=\"elementor-image-box-img\"><a href=\"https:\/\/tulga.com\/en\/ceki-kancasi-montaji-nasil-yapilir\/\" tabindex=\"-1\"><img decoding=\"async\" width=\"500\" height=\"500\" src=\"https:\/\/tulga.com\/wp-content\/uploads\/2023\/11\/ceki-blog.jpg\" class=\"attachment-full size-full wp-image-3552\" alt=\"\" srcset=\"https:\/\/tulga.com\/wp-content\/uploads\/2023\/11\/ceki-blog.jpg 500w, https:\/\/tulga.com\/wp-content\/uploads\/2023\/11\/ceki-blog-300x300.jpg 300w, https:\/\/tulga.com\/wp-content\/uploads\/2023\/11\/ceki-blog-150x150.jpg 150w, https:\/\/tulga.com\/wp-content\/uploads\/2023\/11\/ceki-blog-285x285.jpg 285w, https:\/\/tulga.com\/wp-content\/uploads\/2023\/11\/ceki-blog-270x270.jpg 270w\" sizes=\"(max-width: 500px) 100vw, 500px\" \/><\/a><\/figure><div class=\"elementor-image-box-content\"><h3 class=\"elementor-image-box-title\"><a href=\"https:\/\/tulga.com\/en\/ceki-kancasi-montaji-nasil-yapilir\/\">How to Install a Tow Hook?<\/a><\/h3><p class=\"elementor-image-box-description\">Its definition in automotive is TOW HOOK, with its English name \"PINTLE HOOKS\"; Trailers, caravans, etc. that cannot move on their own. It is a mechanical lock system that connects transport vehicles with motor vehicles.<\/p><\/div><\/div>\t\t\t\t<\/div>\n\t\t\t\t<\/div>\n\t\t\t\t<div class=\"elementor-element elementor-element-86dc2b2 elementor-position-top elementor-widget elementor-widget-image-box\" data-id=\"86dc2b2\" data-element_type=\"widget\" data-e-type=\"widget\" data-widget_type=\"image-box.default\">\n\t\t\t\t<div class=\"elementor-widget-container\">\n\t\t\t\t\t<div class=\"elementor-image-box-wrapper\"><figure class=\"elementor-image-box-img\"><a href=\"https:\/\/tulga.com\/en\/agir-tonajli-tasimalar-icin-en-iyi-besinci-teker-nasil-secilir\/\" tabindex=\"-1\"><img loading=\"lazy\" decoding=\"async\" width=\"500\" height=\"500\" src=\"https:\/\/tulga.com\/wp-content\/uploads\/2024\/04\/besinci-teker-blog.jpg\" class=\"attachment-full size-full wp-image-4561\" alt=\"\" srcset=\"https:\/\/tulga.com\/wp-content\/uploads\/2024\/04\/besinci-teker-blog.jpg 500w, https:\/\/tulga.com\/wp-content\/uploads\/2024\/04\/besinci-teker-blog-300x300.jpg 300w, https:\/\/tulga.com\/wp-content\/uploads\/2024\/04\/besinci-teker-blog-150x150.jpg 150w, https:\/\/tulga.com\/wp-content\/uploads\/2024\/04\/besinci-teker-blog-12x12.jpg 12w, https:\/\/tulga.com\/wp-content\/uploads\/2024\/04\/besinci-teker-blog-285x285.jpg 285w, https:\/\/tulga.com\/wp-content\/uploads\/2024\/04\/besinci-teker-blog-270x270.jpg 270w\" sizes=\"(max-width: 500px) 100vw, 500px\" \/><\/a><\/figure><div class=\"elementor-image-box-content\"><h3 class=\"elementor-image-box-title\"><a href=\"https:\/\/tulga.com\/en\/agir-tonajli-tasimalar-icin-en-iyi-besinci-teker-nasil-secilir\/\">A\u011f\u0131r Tonajl\u0131 Ta\u015f\u0131malar i\u00e7in En \u0130yi Be\u015finci Teker Nas\u0131l Se\u00e7ilir?<\/a><\/h3><p class=\"elementor-image-box-description\">Bu ba\u015fl\u0131kta, b\u00fcy\u00fck y\u00fcklerinizi ta\u015f\u0131rken ihtiyac\u0131n\u0131z olan 5.tekeri se\u00e7erken g\u00f6z \u00f6n\u00fcnde bulundurman\u0131z gereken fakt\u00f6rleri ele alaca\u011f\u0131z. <\/p><\/div><\/div>\t\t\t\t<\/div>\n\t\t\t\t<\/div>\n\t\t\t\t\t<\/div>\n\t\t\t\t<\/div>\n\t\t\t\t<\/div>","protected":false},"excerpt":{"rendered":"<p>Be\u015finci Teker Ba\u011flant\u0131s\u0131 Nas\u0131l Yap\u0131l\u0131r? Uzun yol ta\u015f\u0131malar\u0131, yollarda ge\u00e7irilen s\u00fcreler gittik\u00e7e art\u0131yor. Bu yaz\u0131da, Be\u015finci Tekeri kamyonunuza&#8230;<\/p>","protected":false},"author":1,"featured_media":0,"parent":0,"menu_order":0,"comment_status":"closed","ping_status":"closed","template":"elementor_header_footer","meta":{"content-type":"","footnotes":""},"class_list":["post-528","page","type-page","status-publish","hentry"],"_links":{"self":[{"href":"https:\/\/tulga.com\/en\/wp-json\/wp\/v2\/pages\/528","targetHints":{"allow":["GET"]}}],"collection":[{"href":"https:\/\/tulga.com\/en\/wp-json\/wp\/v2\/pages"}],"about":[{"href":"https:\/\/tulga.com\/en\/wp-json\/wp\/v2\/types\/page"}],"author":[{"embeddable":true,"href":"https:\/\/tulga.com\/en\/wp-json\/wp\/v2\/users\/1"}],"replies":[{"embeddable":true,"href":"https:\/\/tulga.com\/en\/wp-json\/wp\/v2\/comments?post=528"}],"version-history":[{"count":23,"href":"https:\/\/tulga.com\/en\/wp-json\/wp\/v2\/pages\/528\/revisions"}],"predecessor-version":[{"id":4576,"href":"https:\/\/tulga.com\/en\/wp-json\/wp\/v2\/pages\/528\/revisions\/4576"}],"wp:attachment":[{"href":"https:\/\/tulga.com\/en\/wp-json\/wp\/v2\/media?parent=528"}],"curies":[{"name":"wp","href":"https:\/\/api.w.org\/{rel}","templated":true}]}}